{"id":9260,"date":"2021-11-15T11:22:44","date_gmt":"2021-11-15T10:22:44","guid":{"rendered":"https:\/\/oswald-sorge.ch\/impronta\/"},"modified":"2022-06-28T11:08:13","modified_gmt":"2022-06-28T09:08:13","slug":"impressum","status":"publish","type":"page","link":"https:\/\/oswald-sorge.ch\/it\/impressum\/","title":{"rendered":"Impressum"},"content":{"rendered":"<div class=\"fusion-fullwidth fullwidth-box fusion-builder-row-1 fusion-flex-container hundred-percent-fullwidth non-hundred-percent-height-scrolling gradient-container-1\" style=\"--awb-border-radius-top-left:0px;--awb-border-radius-top-right:0px;--awb-border-radius-bottom-right:0px;--awb-border-radius-bottom-left:0px;--awb-padding-top:60px;--awb-padding-right:15%;--awb-padding-bottom:20px;--awb-padding-left:15%;--awb-padding-top-medium:16px;--awb-padding-right-medium:0px;--awb-padding-bottom-medium:10px;--awb-padding-left-medium:0px;--awb-padding-right-small:0px;--awb-padding-bottom-small:10px;--awb-padding-left-small:0px;--awb-flex-wrap:wrap;\" ><div class=\"fusion-builder-row fusion-row fusion-flex-align-items-flex-start fusion-flex-justify-content-center fusion-flex-content-wrap\" style=\"width:calc( 100% + 0px ) !important;max-width:calc( 100% + 0px ) !important;margin-left: calc(-0px \/ 2 );margin-right: calc(-0px \/ 2 );\"><div class=\"fusion-layout-column fusion_builder_column fusion-builder-column-0 fusion_builder_column_3_5 3_5 fusion-flex-column fusion-animated\" style=\"--awb-padding-bottom-medium:0px;--awb-padding-bottom-small:0px;--awb-bg-size:cover;--awb-width-large:60%;--awb-margin-top-large:20px;--awb-spacing-right-large:calc( 0 * calc( 100% - 0px ) );--awb-margin-bottom-large:0px;--awb-spacing-left-large:calc( 0 * calc( 100% - 0px ) );--awb-width-medium:100%;--awb-order-medium:0;--awb-spacing-right-medium:0px;--awb-margin-bottom-medium:0px;--awb-spacing-left-medium:0px;--awb-width-small:100%;--awb-order-small:0;--awb-spacing-right-small:0px;--awb-margin-bottom-small:0px;--awb-spacing-left-small:0px;\" data-animationType=\"fadeInUp\" data-animationDuration=\"1.0\" data-animationOffset=\"top-into-view\"><div class=\"fusion-column-wrapper fusion-column-has-shadow fusion-flex-justify-content-flex-start fusion-content-layout-column\"><div class=\"fusion-separator fusion-no-small-visibility fusion-no-medium-visibility fusion-full-width-sep\" style=\"align-self: center;margin-left: auto;margin-right: auto;margin-bottom:50px;width:100%;\"><\/div><div class=\"fusion-title title fusion-title-1 fusion-sep-none fusion-title-text fusion-title-size-one\"><h1 class=\"fusion-title-heading title-heading-left fusion-responsive-typography-calculated\" style=\"margin:0;--fontSize:48;line-height:var(--awb-typography1-line-height);\">Impronta<\/h1><\/div><div class=\"fusion-text fusion-text-1\" style=\"--awb-text-transform:none;\"><p><strong><i>Indirizzo di contatto<\/i><\/strong><\/p>\n<p>Oswald &amp; Sorge Partner AG<br \/>\nStockerstrasse 60<br \/>\n8002 Zurigo<br \/>\nSvizzera<\/p>\n<p>E-mail:<br \/>\ninfo@oswald-sorge.ch<\/p>\n<p><strong><i>Rappresentante(i) autorizzato(i)<\/i><\/strong><\/p>\n<p>Andreas Sorge (VRP)<br \/>\nPatrick Oswald (GL)<br \/>\nMarco Michels (GL)<br \/>\nAntje Skodock (GL)<\/p>\n<p><strong><i>Iscrizione nel registro commerciale<\/i><\/strong><\/p>\n<p>Nome della societ\u00e0 registrata:<br \/>\n<strong>Oswald &amp; Sorge Partner AG<\/strong><\/p>\n<p>Azienda No (UID):<br \/>\n<strong>CHE-468.939.636<\/strong><\/p>\n<p>Numero di partita IVA<br \/>\n<strong>CHE-468.939636 IVA<\/strong><\/p>\n<p>&nbsp;<\/p>\n<p><strong><i>Disclaimer<\/i><\/strong><\/p>\n<p>L&#8217;autore non si assume alcuna responsabilit\u00e0 per quanto riguarda la correttezza, la precisione, l&#8217;attualit\u00e0, l&#8217;affidabilit\u00e0 e la completezza delle informazioni.<\/p>\n<p>I reclami di responsabilit\u00e0 per danni causati dall&#8217;uso di qualsiasi informazione fornita, incluso qualsiasi tipo di informazione incompleta o errata, saranno quindi respinti.<\/p>\n<p>Tutte le offerte non sono vincolanti. L&#8217;autore si riserva espressamente il diritto di cambiare, completare o cancellare parti delle pagine o l&#8217;intera offerta senza preavviso o di cessare la pubblicazione temporaneamente o permanentemente.<\/p>\n<p><strong><i>Disclaimer per i link<\/i><\/strong><\/p>\n<p>I riferimenti e i link a siti web di terzi sono al di fuori della nostra area di responsabilit\u00e0. Si declina ogni responsabilit\u00e0 per tali siti web. L&#8217;accesso e l&#8217;uso di tali siti web \u00e8 a rischio del rispettivo utente.<\/p>\n<p><strong><i>Copyright<\/i><\/strong><\/p>\n<p>I diritti d&#8217;autore e tutti gli altri diritti sui contenuti, le immagini, le foto o altri file di questo sito web appartengono esclusivamente a <strong>Oswald &amp; Sorge Partner AG<\/strong> o ai titolari dei diritti specificamente menzionati. Il consenso scritto del titolare del copyright deve essere ottenuto in anticipo per la riproduzione di qualsiasi elemento.<\/p>\n<p><!--ACHTUNG: Wenn Sie die Quelle ohne Erlaubnis von SwissAnwalt entfernen, dann begehen Sie eine Urheberrechtsverletzung welche in jedem Fall geahndet wird.-->Fonte: <a href=\"https:\/\/www.swissanwalt.ch\" target=\"_blank\" rel=\"noopener\">SwissAnwalt<\/a><!--Bitte beachten Sie die AGB von SwissAnwalt betreffend allf&auml;llig anfallenden Kosten bei Weglassen der Quelle!--><\/p>\n<\/div><div class=\"fusion-separator fusion-no-small-visibility fusion-no-medium-visibility fusion-full-width-sep\" style=\"align-self: center;margin-left: auto;margin-right: auto;margin-bottom:50px;width:100%;\"><\/div><\/div><\/div><\/div><\/div>\n","protected":false},"excerpt":{"rendered":"","protected":false},"author":1,"featured_media":0,"parent":0,"menu_order":0,"comment_status":"closed","ping_status":"closed","template":"","meta":{"footnotes":""},"class_list":["post-9260","page","type-page","status-publish","hentry"],"_links":{"self":[{"href":"https:\/\/oswald-sorge.ch\/it\/wp-json\/wp\/v2\/pages\/9260","targetHints":{"allow":["GET"]}}],"collection":[{"href":"https:\/\/oswald-sorge.ch\/it\/wp-json\/wp\/v2\/pages"}],"about":[{"href":"https:\/\/oswald-sorge.ch\/it\/wp-json\/wp\/v2\/types\/page"}],"author":[{"embeddable":true,"href":"https:\/\/oswald-sorge.ch\/it\/wp-json\/wp\/v2\/users\/1"}],"replies":[{"embeddable":true,"href":"https:\/\/oswald-sorge.ch\/it\/wp-json\/wp\/v2\/comments?post=9260"}],"version-history":[{"count":0,"href":"https:\/\/oswald-sorge.ch\/it\/wp-json\/wp\/v2\/pages\/9260\/revisions"}],"wp:attachment":[{"href":"https:\/\/oswald-sorge.ch\/it\/wp-json\/wp\/v2\/media?parent=9260"}],"curies":[{"name":"wp","href":"https:\/\/api.w.org\/{rel}","templated":true}]}}